{"id":1443,"date":"2024-12-15T20:40:11","date_gmt":"2024-12-15T19:40:11","guid":{"rendered":"https:\/\/src-endurance.org\/?post_type=product&#038;p=1443"},"modified":"2024-12-19T10:34:38","modified_gmt":"2024-12-19T09:34:38","slug":"porte-cles","status":"publish","type":"product","link":"https:\/\/src-endurance.org\/?product=porte-cles","title":{"rendered":"Porte-cl\u00e9s SRC"},"content":{"rendered":"<ul>\n<li><strong>Porte-cl\u00e9s\u00a0:<\/strong>\n<ul>\n<li>15&#215;3 cm N\u00e9opr\u00e8ne noir en combinaison de surf recycl\u00e9e personnalis\u00e9. S\u00e9rigraphie encre 50 Rouge\/Orange BICOLOR solvant. Fabriqu\u00e9s et cousus en France.<\/li>\n<\/ul>\n<\/li>\n<\/ul>\n","protected":false},"excerpt":{"rendered":"<ul>\n<li><strong>Porte-cl\u00e9s\u00a0:<\/strong>\n<ul>\n<li>15&#215;3 cm N\u00e9opr\u00e8ne noir en combinaison de surf recycl\u00e9e personnalis\u00e9. S\u00e9rigraphie encre 50 Rouge\/Orange BICOLOR solvant. Fabriqu\u00e9s et cousus en France.<\/li>\n<\/ul>\n<\/li>\n<\/ul>\n","protected":false},"featured_media":1473,"comment_status":"open","ping_status":"closed","template":"","meta":{"om_disable_all_campaigns":false,"_monsterinsights_skip_tracking":false,"_monsterinsights_sitenote_active":false,"_monsterinsights_sitenote_note":"","_monsterinsights_sitenote_category":0},"product_brand":[],"product_cat":[15],"product_tag":[],"class_list":{"0":"post-1443","1":"product","2":"type-product","3":"status-publish","4":"has-post-thumbnail","6":"product_cat-uncategorized","8":"first","9":"instock","10":"shipping-taxable","11":"purchasable","12":"product-type-simple"},"aioseo_notices":[],"jetpack_sharing_enabled":true,"_links":{"self":[{"href":"https:\/\/src-endurance.org\/index.php?rest_route=\/wp\/v2\/product\/1443","targetHints":{"allow":["GET"]}}],"collection":[{"href":"https:\/\/src-endurance.org\/index.php?rest_route=\/wp\/v2\/product"}],"about":[{"href":"https:\/\/src-endurance.org\/index.php?rest_route=\/wp\/v2\/types\/product"}],"replies":[{"embeddable":true,"href":"https:\/\/src-endurance.org\/index.php?rest_route=%2Fwp%2Fv2%2Fcomments&post=1443"}],"version-history":[{"count":3,"href":"https:\/\/src-endurance.org\/index.php?rest_route=\/wp\/v2\/product\/1443\/revisions"}],"predecessor-version":[{"id":1578,"href":"https:\/\/src-endurance.org\/index.php?rest_route=\/wp\/v2\/product\/1443\/revisions\/1578"}],"wp:featuredmedia":[{"embeddable":true,"href":"https:\/\/src-endurance.org\/index.php?rest_route=\/wp\/v2\/media\/1473"}],"wp:attachment":[{"href":"https:\/\/src-endurance.org\/index.php?rest_route=%2Fwp%2Fv2%2Fmedia&parent=1443"}],"wp:term":[{"taxonomy":"product_brand","embeddable":true,"href":"https:\/\/src-endurance.org\/index.php?rest_route=%2Fwp%2Fv2%2Fproduct_brand&post=1443"},{"taxonomy":"product_cat","embeddable":true,"href":"https:\/\/src-endurance.org\/index.php?rest_route=%2Fwp%2Fv2%2Fproduct_cat&post=1443"},{"taxonomy":"product_tag","embeddable":true,"href":"https:\/\/src-endurance.org\/index.php?rest_route=%2Fwp%2Fv2%2Fproduct_tag&post=1443"}],"curies":[{"name":"wp","href":"https:\/\/api.w.org\/{rel}","templated":true}]}}